{"id":278,"date":"2020-12-07T17:49:10","date_gmt":"2020-12-07T17:49:10","guid":{"rendered":"http:\/\/elmetodosilvaonline.com\/?page_id=278"},"modified":"2026-04-22T02:18:06","modified_gmt":"2026-04-22T02:18:06","slug":"proximas-fechas","status":"publish","type":"page","link":"https:\/\/elmetodosilvaonline.com\/index.php\/proximas-fechas\/","title":{"rendered":"Pr\u00f3ximas Fechas"},"content":{"rendered":"\t\t<div data-elementor-type=\"wp-page\" data-elementor-id=\"278\" class=\"elementor elementor-278\" data-elementor-settings=\"[]\">\n\t\t\t\t\t\t<div class=\"elementor-inner\">\n\t\t\t\t\t\t\t<div class=\"elementor-section-wrap\">\n\t\t\t\t\t\t\t<section class=\"elementor-section elementor-top-section elementor-element elementor-element-6476978 elementor-section-boxed elementor-section-height-default elementor-section-height-default\" data-id=\"6476978\" data-element_type=\"section\">\n\t\t\t\t\t\t<div class=\"elementor-container elementor-column-gap-default\">\n\t\t\t\t\t\t\t<div class=\"elementor-row\">\n\t\t\t\t\t<div class=\"elementor-column elementor-col-50 elementor-top-column elementor-element elementor-element-b006bf5\" data-id=\"b006bf5\" data-element_type=\"column\">\n\t\t\t<div class=\"elementor-column-wrap elementor-element-populated\">\n\t\t\t\t\t\t\t<div class=\"elementor-widget-wrap\">\n\t\t\t\t\t\t<div class=\"elementor-element elementor-element-040fece elementor-widget elementor-widget-heading\" data-id=\"040fece\" data-element_type=\"widget\" data-widget_type=\"heading.default\">\n\t\t\t\t<div class=\"elementor-widget-container\">\n\t\t\t<h2 class=\"elementor-heading-title elementor-size-default\">PR\u00d3XIMOS CURSOS DEL M\u00c9TODO SILVA ONLINE<\/h2>\t\t<\/div>\n\t\t\t\t<\/div>\n\t\t\t\t<div class=\"elementor-element elementor-element-2c5e2e3 elementor-widget elementor-widget-text-editor\" data-id=\"2c5e2e3\" data-element_type=\"widget\" data-widget_type=\"text-editor.default\">\n\t\t\t\t<div class=\"elementor-widget-container\">\n\t\t\t\t\t<div class=\"elementor-text-editor elementor-clearfix\"><p><u style=\"font-style: inherit;\">Pr\u00f3ximo<\/u><b><u style=\"font-style: inherit;\"> CURSO FORMACI\u00d3N DE BASE ONLINE<\/u><\/b><\/p><p><b style=\"font-style: inherit;\"><u>Dura cinco d\u00edas en vivo y en directo<\/u>:<\/b><\/p><p>La <strong>primera clase<\/strong> consiste en una conferencia informativa, el domingo <strong>31 de mayo de 2026<\/strong> de 14hs a 18hs. Esta clase es gratuita mediante inscripci\u00f3n previa.\u00a0<\/p><p>Las siguientes <strong>cuatro clases <\/strong>son aranceladas*, y se dictar\u00e1n los d\u00edas<b> 6, 7, 13 y 14 de junio<\/b> de 2026, en el horario de 11hs a 18.30hs<\/p><p>\u00a0*Estos <strong>h<\/strong><b>orarios<\/b> corresponden a Argentina.\u00a0 Consulta horario y precio seg\u00fan tu pa\u00eds.\u00a0<\/p><p><span style=\"text-decoration: underline;\">Siguiente fecha<\/span>:<\/p><p>26 de julio, 1, 2, 8 y 9 de agosto de 2026.\u00a0<\/p><p><span style=\"text-decoration: underline;\">Otros cursos<\/span>:<\/p><p><strong>DIN\u00c1MICA<\/strong> del M\u00e9todo Silva d\u00edas 16 y 17 de mayo de 2026 de 11hs a 17.30hs<\/p><p>Informes e inscripciones al whatsapp +(549)2216439443<\/p><\/div>\n\t\t\t\t<\/div>\n\t\t\t\t<\/div>\n\t\t\t\t\t\t<\/div>\n\t\t\t\t\t<\/div>\n\t\t<\/div>\n\t\t\t\t<div class=\"elementor-column elementor-col-50 elementor-top-column elementor-element elementor-element-869a38a\" data-id=\"869a38a\" data-element_type=\"column\">\n\t\t\t<div class=\"elementor-column-wrap elementor-element-populated\">\n\t\t\t\t\t\t\t<div class=\"elementor-widget-wrap\">\n\t\t\t\t\t\t\t\t<\/div>\n\t\t\t\t\t<\/div>\n\t\t<\/div>\n\t\t\t\t\t\t\t\t<\/div>\n\t\t\t\t\t<\/div>\n\t\t<\/section>\n\t\t\t\t\t\t<\/div>\n\t\t\t\t\t\t<\/div>\n\t\t\t\t\t<\/div>\n\t\t","protected":false},"excerpt":{"rendered":"<p>PR\u00d3XIMOS CURSOS DEL M\u00c9TODO SILVA ONLINE Pr\u00f3ximo CURSO FORMACI\u00d3N DE BASE ONLINE Dura cinco d\u00edas en vivo y en directo: La primera clase consiste en una conferencia informativa, el domingo 31 de mayo de 2026 de 14hs a 18hs. Esta clase es gratuita mediante inscripci\u00f3n previa.\u00a0 Las siguientes cuatro clases son aranceladas*, y se dictar\u00e1n &hellip;<\/p>\n<p class=\"read-more\"> <a class=\"\" href=\"https:\/\/elmetodosilvaonline.com\/index.php\/proximas-fechas\/\"> <span class=\"screen-reader-text\">Pr\u00f3ximas Fechas<\/span> Leer m\u00e1s &raquo;<\/a><\/p>\n","protected":false},"author":1,"featured_media":0,"parent":0,"menu_order":0,"comment_status":"closed","ping_status":"closed","template":"","meta":[],"_links":{"self":[{"href":"https:\/\/elmetodosilvaonline.com\/index.php\/wp-json\/wp\/v2\/pages\/278"}],"collection":[{"href":"https:\/\/elmetodosilvaonline.com\/index.php\/wp-json\/wp\/v2\/pages"}],"about":[{"href":"https:\/\/elmetodosilvaonline.com\/index.php\/wp-json\/wp\/v2\/types\/page"}],"author":[{"embeddable":true,"href":"https:\/\/elmetodosilvaonline.com\/index.php\/wp-json\/wp\/v2\/users\/1"}],"replies":[{"embeddable":true,"href":"https:\/\/elmetodosilvaonline.com\/index.php\/wp-json\/wp\/v2\/comments?post=278"}],"version-history":[{"count":104,"href":"https:\/\/elmetodosilvaonline.com\/index.php\/wp-json\/wp\/v2\/pages\/278\/revisions"}],"predecessor-version":[{"id":498,"href":"https:\/\/elmetodosilvaonline.com\/index.php\/wp-json\/wp\/v2\/pages\/278\/revisions\/498"}],"wp:attachment":[{"href":"https:\/\/elmetodosilvaonline.com\/index.php\/wp-json\/wp\/v2\/media?parent=278"}],"curies":[{"name":"wp","href":"https:\/\/api.w.org\/{rel}","templated":true}]}}