{"id":221,"date":"2020-12-04T15:59:24","date_gmt":"2020-12-04T15:59:24","guid":{"rendered":"http:\/\/elmetodosilvaonline.com\/?page_id=221"},"modified":"2020-12-11T18:18:18","modified_gmt":"2020-12-11T18:18:18","slug":"cursos-online","status":"publish","type":"page","link":"https:\/\/elmetodosilvaonline.com\/index.php\/cursos-online\/","title":{"rendered":"Curso Formaci\u00f3n de Base"},"content":{"rendered":"\t\t<div data-elementor-type=\"wp-page\" data-elementor-id=\"221\" class=\"elementor elementor-221\" data-elementor-settings=\"[]\">\n\t\t\t\t\t\t<div class=\"elementor-inner\">\n\t\t\t\t\t\t\t<div class=\"elementor-section-wrap\">\n\t\t\t\t\t\t\t<section class=\"elementor-section elementor-top-section elementor-element elementor-element-7499a22 elementor-section-boxed elementor-section-height-default elementor-section-height-default\" data-id=\"7499a22\" data-element_type=\"section\">\n\t\t\t\t\t\t<div class=\"elementor-container elementor-column-gap-default\">\n\t\t\t\t\t\t\t<div class=\"elementor-row\">\n\t\t\t\t\t<div class=\"elementor-column elementor-col-100 elementor-top-column elementor-element elementor-element-d625339\" data-id=\"d625339\" data-element_type=\"column\">\n\t\t\t<div class=\"elementor-column-wrap elementor-element-populated\">\n\t\t\t\t\t\t\t<div class=\"elementor-widget-wrap\">\n\t\t\t\t\t\t<div class=\"elementor-element elementor-element-e3c20e8 elementor-widget elementor-widget-text-editor\" data-id=\"e3c20e8\" data-element_type=\"widget\" data-widget_type=\"text-editor.default\">\n\t\t\t\t<div class=\"elementor-widget-container\">\n\t\t\t\t\t<div class=\"elementor-text-editor elementor-clearfix\"><p><b><br><\/b><\/p><p><b>CURSO FORMACI\u00d3N DE BASE ONLINE<\/b><\/p><\/div>\n\t\t\t\t<\/div>\n\t\t\t\t<\/div>\n\t\t\t\t<div class=\"elementor-element elementor-element-0c2d64a elementor-widget elementor-widget-text-editor\" data-id=\"0c2d64a\" data-element_type=\"widget\" data-widget_type=\"text-editor.default\">\n\t\t\t\t<div class=\"elementor-widget-container\">\n\t\t\t\t\t<div class=\"elementor-text-editor elementor-clearfix\"><p><span style=\"font-weight: 400;\">La realidad actual nos presenta desaf\u00edos sin precedentes, y pone a prueba el desarrollo de nuestra inteligencia.<\/span><\/p>\n<p><span style=\"font-weight: 400;\">Una mente bien orientada y enfocada te posibilita la creaci\u00f3n de una vida \u00edntegra y feliz, ya que nuestra vida es consecuencia de la calidad de nuestros pensamientos, emociones, y de las acciones y decisiones que tomamos.<\/span><\/p>\n<p><span style=\"font-weight: 400;\">El <\/span><b>M\u00e9todo Silva<\/b><span style=\"font-weight: 400;\"> cient\u00edfico y educativo, te brindar\u00e1 herramientas pr\u00e1cticas para usar en cualquier \u00e1rea de tu vida que quieras mejorar.&nbsp;<\/span><\/p>\n<p><\/p>\n<p><span style=\"font-weight: 400;\">El <\/span><b>Curso Formaci\u00f3n de Base Online<\/b><span style=\"font-weight: 400;\"> se desarrolla de modo te\u00f3rico-pr\u00e1ctico, con la gu\u00eda y acompa\u00f1amiento constante de la Instructora Certificada, quien explicar\u00e1 las investigaciones cient\u00edficas y teor\u00edas en las que se basan cada una de las t\u00e9cnicas que ir\u00e1s aprendiendo durante el Curso.&nbsp;<\/span><\/p>\n<p><span style=\"font-weight: 400;\">M\u00e1s de medio siglo de investigaciones y millones de graduados en todo el mundo nos avalan.&nbsp;<\/span><\/p>\n<p><\/p>\n<p><span style=\"font-weight: 400;\"><u>\ud835\uddd8\ud835\uddf9 \ud835\uddfd\ud835\uddff\ud835\uddfc\ud835\uddf4\ud835\uddff\ud835\uddee\ud835\uddfa\ud835\uddee<\/u> incluye t\u00e9cnicas que te permitir\u00e1n:<\/span><\/p>\n<ul>\n<li><span style=\"font-weight: 400;\"> Manejar la ANSIEDAD y el ESTR\u00c9S<\/span><\/li>\n<li><span style=\"font-weight: 400;\"> Superar MIEDOS<\/span><\/li>\n<li><span style=\"font-weight: 400;\"> Cambiar CREENCIAS limitantes<\/span><\/li>\n<li><span style=\"font-weight: 400;\"> Controlar H\u00c1BITOS negativos<\/span><\/li>\n<li><span style=\"font-weight: 400;\"> Aprender a manejar mejor tus EMOCIONES,&nbsp;<\/span>REACCIONES y ACTITUDES<\/li>\n<li><span style=\"font-weight: 400;\">Mejorar RELACIONES (familiares, laborales y sociales)<\/span><\/li>\n<li><span style=\"font-weight: 400;\"> Mejorar y\/o mantener tu SALUD<\/span><\/li>\n<li><span style=\"font-weight: 400;\"> Calmar DOLORES<\/span><\/li>\n<li><span style=\"font-weight: 400;\"> Superar el INSOMNIO y dormir mejor<\/span><\/li>\n<li><span style=\"font-weight: 400;\"> Desarrollar el SUE\u00d1O CREATIVO para resolver problemas<\/span><\/li>\n<li><span style=\"font-weight: 400;\"> Desarrollar la CREATIVIDAD y la INTUICI\u00d3N.<\/span><\/li>\n<li><span style=\"font-weight: 400;\"> Mejorar la CONCENTRACI\u00d3N, memoria y el aprendizaje<\/span><\/li>\n<li><span style=\"font-weight: 400;\"> Aprender efectivas t\u00e9cnicas de ESTUDIO<\/span><\/li>\n<li><span style=\"font-weight: 400;\"> Establecer METAS y objetivos y desarrollar la capacidad de acci\u00f3n para alcanzarlos<\/span><\/li>\n<\/ul>\n<p><b><i>El Curso Formaci\u00f3n de Base Online se dicta en vivo y dura alrededor de 26 horas<\/i><\/b><span style=\"font-weight: 400;\">.<\/span><\/p>\n<p><span style=\"font-weight: 400;\">Al finalizar el curso obtendr\u00e1s un <\/span><b>diploma<\/b><span style=\"font-weight: 400;\"> y un <\/span><b>carnet<\/b><span style=\"font-weight: 400;\"> oficiales que te permitir\u00e1n asistir a reuniones, talleres y cursos del M\u00e9todo Silva en cualquiera de los 111 pa\u00edses donde se encuentra el M\u00e9todo Silva Oficial. Adem\u00e1s recibir\u00e1s un <\/span><b>manual<\/b><span style=\"font-weight: 400;\"> de gu\u00eda con todas las t\u00e9cnicas aprendidas y una <\/span><b>meditaci\u00f3n<\/b><span style=\"font-weight: 400;\"> para la pr\u00e1ctica personal.<\/span><\/p>\n<p><span style=\"font-weight: 400;\"><i>*Consulta aranceles seg\u00fan tu pa\u00eds<\/i>.<\/span><\/p><\/div>\n\t\t\t\t<\/div>\n\t\t\t\t<\/div>\n\t\t\t\t\t\t<\/div>\n\t\t\t\t\t<\/div>\n\t\t<\/div>\n\t\t\t\t\t\t\t\t<\/div>\n\t\t\t\t\t<\/div>\n\t\t<\/section>\n\t\t\t\t<section class=\"elementor-section elementor-top-section elementor-element elementor-element-9bc3417 elementor-section-boxed elementor-section-height-default elementor-section-height-default\" data-id=\"9bc3417\" data-element_type=\"section\">\n\t\t\t\t\t\t<div class=\"elementor-container elementor-column-gap-default\">\n\t\t\t\t\t\t\t<div class=\"elementor-row\">\n\t\t\t\t\t<div class=\"elementor-column elementor-col-100 elementor-top-column elementor-element elementor-element-b7882cc\" data-id=\"b7882cc\" data-element_type=\"column\">\n\t\t\t<div class=\"elementor-column-wrap elementor-element-populated\">\n\t\t\t\t\t\t\t<div class=\"elementor-widget-wrap\">\n\t\t\t\t\t\t<div class=\"elementor-element elementor-element-8c469aa elementor-align-center elementor-widget elementor-widget-button\" data-id=\"8c469aa\" data-element_type=\"widget\" data-widget_type=\"button.default\">\n\t\t\t\t<div class=\"elementor-widget-container\">\n\t\t\t\t\t<div class=\"elementor-button-wrapper\">\n\t\t\t<a href=\"http:\/\/elmetodosilvaonline.com\/index.php\/proximas-fechas\/\" target=\"_blank\" class=\"elementor-button-link elementor-button elementor-size-sm\" role=\"button\">\n\t\t\t\t\t\t<span class=\"elementor-button-content-wrapper\">\n\t\t\t\t\t\t<span class=\"elementor-button-text\">Consulta fechas de pr\u00f3ximos cursos<\/span>\n\t\t<\/span>\n\t\t\t\t\t<\/a>\n\t\t<\/div>\n\t\t\t\t<\/div>\n\t\t\t\t<\/div>\n\t\t\t\t\t\t<\/div>\n\t\t\t\t\t<\/div>\n\t\t<\/div>\n\t\t\t\t\t\t\t\t<\/div>\n\t\t\t\t\t<\/div>\n\t\t<\/section>\n\t\t\t\t<section class=\"elementor-section elementor-top-section elementor-element elementor-element-44f3a0f elementor-section-boxed elementor-section-height-default elementor-section-height-default\" data-id=\"44f3a0f\" data-element_type=\"section\">\n\t\t\t\t\t\t<div class=\"elementor-container elementor-column-gap-default\">\n\t\t\t\t\t\t\t<div class=\"elementor-row\">\n\t\t\t\t\t<div class=\"elementor-column elementor-col-50 elementor-top-column elementor-element elementor-element-9d493d6\" data-id=\"9d493d6\" data-element_type=\"column\">\n\t\t\t<div class=\"elementor-column-wrap elementor-element-populated\">\n\t\t\t\t\t\t\t<div class=\"elementor-widget-wrap\">\n\t\t\t\t\t\t<div class=\"elementor-element elementor-element-67e12b4 elementor-widget elementor-widget-image\" data-id=\"67e12b4\" data-element_type=\"widget\" data-widget_type=\"image.default\">\n\t\t\t\t<div class=\"elementor-widget-container\">\n\t\t\t\t\t<div class=\"elementor-image\">\n\t\t\t\t\t\t\t\t\t\t<img width=\"1000\" height=\"662\" src=\"https:\/\/elmetodosilvaonline.com\/wp-content\/uploads\/2020\/12\/158500-conheca-x-beneficios-da-meditacao.jpg\" class=\"attachment-large size-large\" alt=\"\" loading=\"lazy\" srcset=\"https:\/\/elmetodosilvaonline.com\/wp-content\/uploads\/2020\/12\/158500-conheca-x-beneficios-da-meditacao.jpg 1000w, https:\/\/elmetodosilvaonline.com\/wp-content\/uploads\/2020\/12\/158500-conheca-x-beneficios-da-meditacao-300x199.jpg 300w, https:\/\/elmetodosilvaonline.com\/wp-content\/uploads\/2020\/12\/158500-conheca-x-beneficios-da-meditacao-768x508.jpg 768w\" sizes=\"(max-width: 1000px) 100vw, 1000px\" \/>\t\t\t\t\t\t\t\t\t\t\t<\/div>\n\t\t\t\t<\/div>\n\t\t\t\t<\/div>\n\t\t\t\t\t\t<\/div>\n\t\t\t\t\t<\/div>\n\t\t<\/div>\n\t\t\t\t<div class=\"elementor-column elementor-col-50 elementor-top-column elementor-element elementor-element-5bbb570\" data-id=\"5bbb570\" data-element_type=\"column\">\n\t\t\t<div class=\"elementor-column-wrap elementor-element-populated\">\n\t\t\t\t\t\t\t<div class=\"elementor-widget-wrap\">\n\t\t\t\t\t\t<div class=\"elementor-element elementor-element-e50f048 elementor-widget elementor-widget-image\" data-id=\"e50f048\" data-element_type=\"widget\" data-widget_type=\"image.default\">\n\t\t\t\t<div class=\"elementor-widget-container\">\n\t\t\t\t\t<div class=\"elementor-image\">\n\t\t\t\t\t\t\t\t\t\t<img width=\"793\" height=\"529\" src=\"https:\/\/elmetodosilvaonline.com\/wp-content\/uploads\/2020\/12\/El-metodo-Silva-ayuda-al-control-mental-2.jpg\" class=\"attachment-large size-large\" alt=\"\" loading=\"lazy\" srcset=\"https:\/\/elmetodosilvaonline.com\/wp-content\/uploads\/2020\/12\/El-metodo-Silva-ayuda-al-control-mental-2.jpg 793w, https:\/\/elmetodosilvaonline.com\/wp-content\/uploads\/2020\/12\/El-metodo-Silva-ayuda-al-control-mental-2-300x200.jpg 300w, https:\/\/elmetodosilvaonline.com\/wp-content\/uploads\/2020\/12\/El-metodo-Silva-ayuda-al-control-mental-2-768x512.jpg 768w\" sizes=\"(max-width: 793px) 100vw, 793px\" \/>\t\t\t\t\t\t\t\t\t\t\t<\/div>\n\t\t\t\t<\/div>\n\t\t\t\t<\/div>\n\t\t\t\t\t\t<\/div>\n\t\t\t\t\t<\/div>\n\t\t<\/div>\n\t\t\t\t\t\t\t\t<\/div>\n\t\t\t\t\t<\/div>\n\t\t<\/section>\n\t\t\t\t\t\t<\/div>\n\t\t\t\t\t\t<\/div>\n\t\t\t\t\t<\/div>\n\t\t","protected":false},"excerpt":{"rendered":"<p>CURSO FORMACI\u00d3N DE BASE ONLINE La realidad actual nos presenta desaf\u00edos sin precedentes, y pone a prueba el desarrollo de nuestra inteligencia. Una mente bien orientada y enfocada te posibilita la creaci\u00f3n de una vida \u00edntegra y feliz, ya que nuestra vida es consecuencia de la calidad de nuestros pensamientos, emociones, y de las acciones &hellip;<\/p>\n<p class=\"read-more\"> <a class=\"\" href=\"https:\/\/elmetodosilvaonline.com\/index.php\/cursos-online\/\"> <span class=\"screen-reader-text\">Curso Formaci\u00f3n de Base<\/span> Leer m\u00e1s &raquo;<\/a><\/p>\n","protected":false},"author":1,"featured_media":0,"parent":0,"menu_order":0,"comment_status":"closed","ping_status":"closed","template":"","meta":[],"_links":{"self":[{"href":"https:\/\/elmetodosilvaonline.com\/index.php\/wp-json\/wp\/v2\/pages\/221"}],"collection":[{"href":"https:\/\/elmetodosilvaonline.com\/index.php\/wp-json\/wp\/v2\/pages"}],"about":[{"href":"https:\/\/elmetodosilvaonline.com\/index.php\/wp-json\/wp\/v2\/types\/page"}],"author":[{"embeddable":true,"href":"https:\/\/elmetodosilvaonline.com\/index.php\/wp-json\/wp\/v2\/users\/1"}],"replies":[{"embeddable":true,"href":"https:\/\/elmetodosilvaonline.com\/index.php\/wp-json\/wp\/v2\/comments?post=221"}],"version-history":[{"count":35,"href":"https:\/\/elmetodosilvaonline.com\/index.php\/wp-json\/wp\/v2\/pages\/221\/revisions"}],"predecessor-version":[{"id":335,"href":"https:\/\/elmetodosilvaonline.com\/index.php\/wp-json\/wp\/v2\/pages\/221\/revisions\/335"}],"wp:attachment":[{"href":"https:\/\/elmetodosilvaonline.com\/index.php\/wp-json\/wp\/v2\/media?parent=221"}],"curies":[{"name":"wp","href":"https:\/\/api.w.org\/{rel}","templated":true}]}}