{"id":192,"date":"2020-12-04T10:42:58","date_gmt":"2020-12-04T10:42:58","guid":{"rendered":"http:\/\/elmetodosilvaonline.com\/?page_id=192"},"modified":"2020-12-11T18:16:38","modified_gmt":"2020-12-11T18:16:38","slug":"graduados","status":"publish","type":"page","link":"https:\/\/elmetodosilvaonline.com\/index.php\/graduados\/","title":{"rendered":"Graduados"},"content":{"rendered":"\t\t<div data-elementor-type=\"wp-page\" data-elementor-id=\"192\" class=\"elementor elementor-192\" data-elementor-settings=\"[]\">\n\t\t\t\t\t\t<div class=\"elementor-inner\">\n\t\t\t\t\t\t\t<div class=\"elementor-section-wrap\">\n\t\t\t\t\t\t\t<section class=\"elementor-section elementor-top-section elementor-element elementor-element-7de07c6 elementor-section-boxed elementor-section-height-default elementor-section-height-default\" data-id=\"7de07c6\" data-element_type=\"section\">\n\t\t\t\t\t\t<div class=\"elementor-container elementor-column-gap-default\">\n\t\t\t\t\t\t\t<div class=\"elementor-row\">\n\t\t\t\t\t<div class=\"elementor-column elementor-col-100 elementor-top-column elementor-element elementor-element-d196639\" data-id=\"d196639\" data-element_type=\"column\">\n\t\t\t<div class=\"elementor-column-wrap elementor-element-populated\">\n\t\t\t\t\t\t\t<div class=\"elementor-widget-wrap\">\n\t\t\t\t\t\t<div class=\"elementor-element elementor-element-284a810 elementor-widget elementor-widget-text-editor\" data-id=\"284a810\" data-element_type=\"widget\" data-widget_type=\"text-editor.default\">\n\t\t\t\t<div class=\"elementor-widget-container\">\n\t\t\t\t\t<div class=\"elementor-text-editor elementor-clearfix\"><p>\u00bfQu\u00e9 es un Graduado?<\/p><\/div>\n\t\t\t\t<\/div>\n\t\t\t\t<\/div>\n\t\t\t\t<div class=\"elementor-element elementor-element-3a63734 elementor-widget elementor-widget-text-editor\" data-id=\"3a63734\" data-element_type=\"widget\" data-widget_type=\"text-editor.default\">\n\t\t\t\t<div class=\"elementor-widget-container\">\n\t\t\t\t\t<div class=\"elementor-text-editor elementor-clearfix\"><p><span style=\"font-weight: 400;\">Toda persona que haya realizado el curso Formaci\u00f3n de Base de El M\u00e9todo Silva\u00ae, con un Instructor Oficial, se considera un Graduado. \u00c9ste recibir\u00e1 un diploma y carnet con validez Internacional.<\/span><\/p><\/div>\n\t\t\t\t<\/div>\n\t\t\t\t<\/div>\n\t\t\t\t\t\t<\/div>\n\t\t\t\t\t<\/div>\n\t\t<\/div>\n\t\t\t\t\t\t\t\t<\/div>\n\t\t\t\t\t<\/div>\n\t\t<\/section>\n\t\t\t\t<section class=\"elementor-section elementor-top-section elementor-element elementor-element-32f4716 elementor-section-boxed elementor-section-height-default elementor-section-height-default\" data-id=\"32f4716\" data-element_type=\"section\">\n\t\t\t\t\t\t<div class=\"elementor-container elementor-column-gap-default\">\n\t\t\t\t\t\t\t<div class=\"elementor-row\">\n\t\t\t\t\t<div class=\"elementor-column elementor-col-66 elementor-top-column elementor-element elementor-element-bc3c4e2\" data-id=\"bc3c4e2\" data-element_type=\"column\">\n\t\t\t<div class=\"elementor-column-wrap elementor-element-populated\">\n\t\t\t\t\t\t\t<div class=\"elementor-widget-wrap\">\n\t\t\t\t\t\t<div class=\"elementor-element elementor-element-80d21b2 elementor-widget elementor-widget-text-editor\" data-id=\"80d21b2\" data-element_type=\"widget\" data-widget_type=\"text-editor.default\">\n\t\t\t\t<div class=\"elementor-widget-container\">\n\t\t\t\t\t<div class=\"elementor-text-editor elementor-clearfix\"><p><span style=\"font-weight: 400;\">\u00bfCu\u00e1les son las Ventajas de ser Graduado?<\/span><\/p><\/div>\n\t\t\t\t<\/div>\n\t\t\t\t<\/div>\n\t\t\t\t<div class=\"elementor-element elementor-element-d4c00eb elementor-widget elementor-widget-text-editor\" data-id=\"d4c00eb\" data-element_type=\"widget\" data-widget_type=\"text-editor.default\">\n\t\t\t\t<div class=\"elementor-widget-container\">\n\t\t\t\t\t<div class=\"elementor-text-editor elementor-clearfix\"><p><span style=\"font-weight: 400;\">Con la presentaci\u00f3n del diploma o carnet, el graduado podr\u00e1 <\/span><b>recursar<\/b><span style=\"font-weight: 400;\"> el programa en cualquier lugar del mundo con un menor arancel.\u00a0<\/span><\/p><p>Aprovechar la oportunidad de recursar peri\u00f3dicamente, permite reforzar las t\u00e9cnicas, volver a escuchar los conceptos integralmente desde la experiencia de ser Graduado, y grabar nuevamente en los niveles alpha y theta todo el entrenamiento de EL M\u00c9TODO SILVA, lo que produce excelentes beneficios para la salud f\u00edsica y mental.<\/p><p><span style=\"font-weight: 400;\">Tambi\u00e9n podr\u00e1 participar de las <\/span><b>Reuniones para Graduados<\/b><span style=\"font-weight: 400;\">, online o presenciales, en cualquier lugar del mundo donde haya un Instructor autorizado.<\/span><\/p><\/div>\n\t\t\t\t<\/div>\n\t\t\t\t<\/div>\n\t\t\t\t\t\t<\/div>\n\t\t\t\t\t<\/div>\n\t\t<\/div>\n\t\t\t\t<div class=\"elementor-column elementor-col-33 elementor-top-column elementor-element elementor-element-0515191\" data-id=\"0515191\" data-element_type=\"column\">\n\t\t\t<div class=\"elementor-column-wrap elementor-element-populated\">\n\t\t\t\t\t\t\t<div class=\"elementor-widget-wrap\">\n\t\t\t\t\t\t<div class=\"elementor-element elementor-element-9e68dc4 elementor-widget elementor-widget-image\" data-id=\"9e68dc4\" data-element_type=\"widget\" data-widget_type=\"image.default\">\n\t\t\t\t<div class=\"elementor-widget-container\">\n\t\t\t\t\t<div class=\"elementor-image\">\n\t\t\t\t\t\t\t\t\t\t<img width=\"500\" height=\"500\" src=\"https:\/\/elmetodosilvaonline.com\/wp-content\/uploads\/2020\/12\/7.png\" class=\"attachment-large size-large\" alt=\"\" loading=\"lazy\" srcset=\"https:\/\/elmetodosilvaonline.com\/wp-content\/uploads\/2020\/12\/7.png 500w, https:\/\/elmetodosilvaonline.com\/wp-content\/uploads\/2020\/12\/7-300x300.png 300w, https:\/\/elmetodosilvaonline.com\/wp-content\/uploads\/2020\/12\/7-150x150.png 150w\" sizes=\"(max-width: 500px) 100vw, 500px\" \/>\t\t\t\t\t\t\t\t\t\t\t<\/div>\n\t\t\t\t<\/div>\n\t\t\t\t<\/div>\n\t\t\t\t\t\t<\/div>\n\t\t\t\t\t<\/div>\n\t\t<\/div>\n\t\t\t\t\t\t\t\t<\/div>\n\t\t\t\t\t<\/div>\n\t\t<\/section>\n\t\t\t\t<section class=\"elementor-section elementor-top-section elementor-element elementor-element-572ea5a elementor-section-boxed elementor-section-height-default elementor-section-height-default\" data-id=\"572ea5a\" data-element_type=\"section\">\n\t\t\t\t\t\t<div class=\"elementor-container elementor-column-gap-default\">\n\t\t\t\t\t\t\t<div class=\"elementor-row\">\n\t\t\t\t\t<div class=\"elementor-column elementor-col-100 elementor-top-column elementor-element elementor-element-ab71b70\" data-id=\"ab71b70\" data-element_type=\"column\">\n\t\t\t<div class=\"elementor-column-wrap elementor-element-populated\">\n\t\t\t\t\t\t\t<div class=\"elementor-widget-wrap\">\n\t\t\t\t\t\t<div class=\"elementor-element elementor-element-ee3a942 elementor-align-center elementor-widget elementor-widget-button\" data-id=\"ee3a942\" data-element_type=\"widget\" data-widget_type=\"button.default\">\n\t\t\t\t<div class=\"elementor-widget-container\">\n\t\t\t\t\t<div class=\"elementor-button-wrapper\">\n\t\t\t<a href=\"http:\/\/elmetodosilvaonline.com\/index.php\/reuniones-para-graduados\/\" target=\"_blank\" class=\"elementor-button-link elementor-button elementor-size-sm\" role=\"button\">\n\t\t\t\t\t\t<span class=\"elementor-button-content-wrapper\">\n\t\t\t\t\t\t<span class=\"elementor-button-text\">M\u00c1S INFO<\/span>\n\t\t<\/span>\n\t\t\t\t\t<\/a>\n\t\t<\/div>\n\t\t\t\t<\/div>\n\t\t\t\t<\/div>\n\t\t\t\t\t\t<\/div>\n\t\t\t\t\t<\/div>\n\t\t<\/div>\n\t\t\t\t\t\t\t\t<\/div>\n\t\t\t\t\t<\/div>\n\t\t<\/section>\n\t\t\t\t\t\t<\/div>\n\t\t\t\t\t\t<\/div>\n\t\t\t\t\t<\/div>\n\t\t","protected":false},"excerpt":{"rendered":"<p>\u00bfQu\u00e9 es un Graduado? Toda persona que haya realizado el curso Formaci\u00f3n de Base de El M\u00e9todo Silva\u00ae, con un Instructor Oficial, se considera un Graduado. \u00c9ste recibir\u00e1 un diploma y carnet con validez Internacional. \u00bfCu\u00e1les son las Ventajas de ser Graduado? Con la presentaci\u00f3n del diploma o carnet, el graduado podr\u00e1 recursar el programa &hellip;<\/p>\n<p class=\"read-more\"> <a class=\"\" href=\"https:\/\/elmetodosilvaonline.com\/index.php\/graduados\/\"> <span class=\"screen-reader-text\">Graduados<\/span> Leer m\u00e1s &raquo;<\/a><\/p>\n","protected":false},"author":1,"featured_media":0,"parent":0,"menu_order":0,"comment_status":"closed","ping_status":"closed","template":"","meta":[],"_links":{"self":[{"href":"https:\/\/elmetodosilvaonline.com\/index.php\/wp-json\/wp\/v2\/pages\/192"}],"collection":[{"href":"https:\/\/elmetodosilvaonline.com\/index.php\/wp-json\/wp\/v2\/pages"}],"about":[{"href":"https:\/\/elmetodosilvaonline.com\/index.php\/wp-json\/wp\/v2\/types\/page"}],"author":[{"embeddable":true,"href":"https:\/\/elmetodosilvaonline.com\/index.php\/wp-json\/wp\/v2\/users\/1"}],"replies":[{"embeddable":true,"href":"https:\/\/elmetodosilvaonline.com\/index.php\/wp-json\/wp\/v2\/comments?post=192"}],"version-history":[{"count":31,"href":"https:\/\/elmetodosilvaonline.com\/index.php\/wp-json\/wp\/v2\/pages\/192\/revisions"}],"predecessor-version":[{"id":332,"href":"https:\/\/elmetodosilvaonline.com\/index.php\/wp-json\/wp\/v2\/pages\/192\/revisions\/332"}],"wp:attachment":[{"href":"https:\/\/elmetodosilvaonline.com\/index.php\/wp-json\/wp\/v2\/media?parent=192"}],"curies":[{"name":"wp","href":"https:\/\/api.w.org\/{rel}","templated":true}]}}